{"id":10833,"date":"2023-12-12T17:24:15","date_gmt":"2023-12-12T17:24:15","guid":{"rendered":"https:\/\/www.pb.seasidemenu.com\/spa-ghr\/kids-wellness\/"},"modified":"2023-12-13T13:55:07","modified_gmt":"2023-12-13T13:55:07","slug":"kids-wellness","status":"publish","type":"page","link":"https:\/\/pb.seasidemenu.com\/de\/spa-ghr\/kids-wellness\/","title":{"rendered":"Kids Wellness"},"content":{"rendered":"\t\t<div data-elementor-type=\"wp-page\" data-elementor-id=\"10833\" class=\"elementor elementor-10833 elementor-10763\" data-elementor-post-type=\"page\">\n\t\t\t\t<div data-dce-background-image-url=\"https:\/\/www.pb.seasidemenu.com\/wp-content\/uploads\/seaside_spa_palmleaves.jpg\" class=\"elementor-element elementor-element-057edf6 e-flex e-con-boxed e-con e-parent\" data-id=\"057edf6\" data-element_type=\"container\" data-e-type=\"container\" data-settings=\"{&quot;jet_parallax_layout_list&quot;:[{&quot;jet_parallax_layout_image&quot;:{&quot;url&quot;:&quot;&quot;,&quot;id&quot;:&quot;&quot;,&quot;size&quot;:&quot;&quot;},&quot;_id&quot;:&quot;8cf8e6f&quot;,&quot;jet_parallax_layout_image_tablet&quot;:{&quot;url&quot;:&quot;&quot;,&quot;id&quot;:&quot;&quot;,&quot;size&quot;:&quot;&quot;},&quot;jet_parallax_layout_image_mobile&quot;:{&quot;url&quot;:&quot;&quot;,&quot;id&quot;:&quot;&quot;,&quot;size&quot;:&quot;&quot;},&quot;jet_parallax_layout_speed&quot;:{&quot;unit&quot;:&quot;%&quot;,&quot;size&quot;:50,&quot;sizes&quot;:[]},&quot;jet_parallax_layout_type&quot;:&quot;scroll&quot;,&quot;jet_parallax_layout_direction&quot;:&quot;1&quot;,&quot;jet_parallax_layout_fx_direction&quot;:null,&quot;jet_parallax_layout_z_index&quot;:&quot;&quot;,&quot;jet_parallax_layout_bg_x&quot;:50,&quot;jet_parallax_layout_bg_x_tablet&quot;:&quot;&quot;,&quot;jet_parallax_layout_bg_x_mobile&quot;:&quot;&quot;,&quot;jet_parallax_layout_bg_y&quot;:50,&quot;jet_parallax_layout_bg_y_tablet&quot;:&quot;&quot;,&quot;jet_parallax_layout_bg_y_mobile&quot;:&quot;&quot;,&quot;jet_parallax_layout_bg_size&quot;:&quot;auto&quot;,&quot;jet_parallax_layout_bg_size_tablet&quot;:&quot;&quot;,&quot;jet_parallax_layout_bg_size_mobile&quot;:&quot;&quot;,&quot;jet_parallax_layout_animation_prop&quot;:&quot;transform&quot;,&quot;jet_parallax_layout_on&quot;:[&quot;desktop&quot;,&quot;tablet&quot;]}],&quot;background_background&quot;:&quot;classic&quot;}\">\n\t\t\t\t\t<div class=\"e-con-inner\">\n\t\t\t\t<div data-dce-advanced-background-color=\"#333333\" class=\"elementor-element elementor-element-e1d83c4 elementor-fixed elementor-widget__width-inherit elementor-widget elementor-widget-jet-hamburger-panel\" data-id=\"e1d83c4\" data-element_type=\"widget\" data-e-type=\"widget\" data-settings=\"{&quot;_position&quot;:&quot;fixed&quot;}\" data-widget_type=\"jet-hamburger-panel.default\">\n\t\t\t\t<div class=\"elementor-widget-container\">\n\t\t\t\t\t\t\t<div id=\"jet-hamburger-panel-instance\" class=\"jet-hamburger-panel jet-hamburger-panel-left-position jet-hamburger-panel-slide-effect\" data-settings=\"{&quot;position&quot;:&quot;left&quot;,&quot;ajaxTemplate&quot;:false,&quot;ajaxTemplateCache&quot;:true,&quot;widget_id&quot;:&quot;e1d83c4&quot;,&quot;signature&quot;:&quot;76b5f0eb6f758f650280939a768ef481&quot;}\">\n\t\t\t<div class=\"jet-hamburger-panel__toggle\" role=\"button\" tabindex=\"0\" aria-label=\"SPA MENU\"><div class=\"jet-hamburger-panel__toggle-icon\"><span class=\"jet-hamburger-panel__icon icon-normal jet-blocks-icon\"><i aria-hidden=\"true\" class=\"fas fa-bars\"><\/i><\/span><span class=\"jet-hamburger-panel__icon icon-active jet-blocks-icon\"><i aria-hidden=\"true\" class=\"fas fa-times\"><\/i><\/span><\/div><div class=\"jet-hamburger-panel__toggle-label\"><span>SPA MENU<\/span><\/div><\/div>\t\t\t<div class=\"jet-hamburger-panel__instance\">\n\t\t\t\t<div class=\"jet-hamburger-panel__cover\"><\/div>\n\t\t\t\t<div class=\"jet-hamburger-panel__inner\">\n\t\t\t\t\t<div class=\"jet-hamburger-panel__close-button jet-blocks-icon\"><i aria-hidden=\"true\" class=\"fas fa-times\"><\/i><\/div><div class=\"jet-hamburger-panel__content\" data-template-id=\"10996\">\t\t<div data-elementor-type=\"page\" data-elementor-id=\"10996\" class=\"elementor elementor-10996\" data-elementor-post-type=\"elementor_library\">\n\t\t\t\t<div class=\"elementor-element elementor-element-306acf5 e-flex e-con-boxed e-con e-parent\" data-id=\"306acf5\" data-element_type=\"container\" data-e-type=\"container\" data-settings=\"{&quot;jet_parallax_layout_list&quot;:[{&quot;jet_parallax_layout_image&quot;:{&quot;url&quot;:&quot;&quot;,&quot;id&quot;:&quot;&quot;,&quot;size&quot;:&quot;&quot;},&quot;_id&quot;:&quot;88f4653&quot;,&quot;jet_parallax_layout_image_tablet&quot;:{&quot;url&quot;:&quot;&quot;,&quot;id&quot;:&quot;&quot;,&quot;size&quot;:&quot;&quot;},&quot;jet_parallax_layout_image_mobile&quot;:{&quot;url&quot;:&quot;&quot;,&quot;id&quot;:&quot;&quot;,&quot;size&quot;:&quot;&quot;},&quot;jet_parallax_layout_speed&quot;:{&quot;unit&quot;:&quot;%&quot;,&quot;size&quot;:50,&quot;sizes&quot;:[]},&quot;jet_parallax_layout_type&quot;:&quot;scroll&quot;,&quot;jet_parallax_layout_direction&quot;:&quot;1&quot;,&quot;jet_parallax_layout_fx_direction&quot;:null,&quot;jet_parallax_layout_z_index&quot;:&quot;&quot;,&quot;jet_parallax_layout_bg_x&quot;:50,&quot;jet_parallax_layout_bg_x_tablet&quot;:&quot;&quot;,&quot;jet_parallax_layout_bg_x_mobile&quot;:&quot;&quot;,&quot;jet_parallax_layout_bg_y&quot;:50,&quot;jet_parallax_layout_bg_y_tablet&quot;:&quot;&quot;,&quot;jet_parallax_layout_bg_y_mobile&quot;:&quot;&quot;,&quot;jet_parallax_layout_bg_size&quot;:&quot;auto&quot;,&quot;jet_parallax_layout_bg_size_tablet&quot;:&quot;&quot;,&quot;jet_parallax_layout_bg_size_mobile&quot;:&quot;&quot;,&quot;jet_parallax_layout_animation_prop&quot;:&quot;transform&quot;,&quot;jet_parallax_layout_on&quot;:[&quot;desktop&quot;,&quot;tablet&quot;]}]}\">\n\t\t\t\t\t<div class=\"e-con-inner\">\n\t\t\t\t<div data-dce-title-color=\"#FFFFFF\" class=\"elementor-element elementor-element-8bc4b41 elementor-widget elementor-widget-heading\" data-id=\"8bc4b41\" data-element_type=\"widget\" data-e-type=\"widget\" data-widget_type=\"heading.default\">\n\t\t\t\t<div class=\"elementor-widget-container\">\n\t\t\t\t\t<h2 class=\"elementor-heading-title elementor-size-default\">Spa &amp;<br>\nWellness<br>\nMenu<\/h2>\t\t\t\t<\/div>\n\t\t\t\t<\/div>\n\t\t\t\t<div class=\"elementor-element elementor-element-785cc1d elementor-nav-menu--dropdown-none elementor-widget__width-initial elementor-widget elementor-widget-nav-menu\" data-id=\"785cc1d\" data-element_type=\"widget\" data-e-type=\"widget\" data-settings=\"{&quot;layout&quot;:&quot;vertical&quot;,&quot;submenu_icon&quot;:{&quot;value&quot;:&quot;&lt;i class=\\&quot;fas fa-caret-down\\&quot; aria-hidden=\\&quot;true\\&quot;&gt;&lt;\\\/i&gt;&quot;,&quot;library&quot;:&quot;fa-solid&quot;}}\" data-widget_type=\"nav-menu.default\">\n\t\t\t\t<div class=\"elementor-widget-container\">\n\t\t\t\t\t\t\t\t<nav aria-label=\"Menu\" class=\"elementor-nav-menu--main elementor-nav-menu__container elementor-nav-menu--layout-vertical e--pointer-underline e--animation-fade\">\n\t\t\t\t<ul id=\"menu-1-785cc1d\" class=\"elementor-nav-menu sm-vertical\"><li class=\"menu-item menu-item-type-post_type menu-item-object-page menu-item-10979\"><a href=\"https:\/\/pb.seasidemenu.com\/de\/spa-ghr\/\" class=\"elementor-item\">Willkommen<\/a><\/li>\n<li class=\"menu-item menu-item-type-post_type menu-item-object-page menu-item-10980\"><a href=\"https:\/\/pb.seasidemenu.com\/de\/spa-ghr\/sauna-landschaft\/\" class=\"elementor-item\">Sauna-Landschaft<\/a><\/li>\n<li class=\"menu-item menu-item-type-post_type menu-item-object-page menu-item-10981\"><a href=\"https:\/\/pb.seasidemenu.com\/de\/spa-ghr\/wellnesskombinationen\/\" class=\"elementor-item\">Wellnesskombinationen<\/a><\/li>\n<li class=\"menu-item menu-item-type-post_type menu-item-object-page menu-item-10982\"><a href=\"https:\/\/pb.seasidemenu.com\/de\/spa-ghr\/beauty-collection\/\" class=\"elementor-item\">Beauty-Collection<\/a><\/li>\n<li class=\"menu-item menu-item-type-post_type menu-item-object-page menu-item-10983\"><a href=\"https:\/\/pb.seasidemenu.com\/de\/spa-ghr\/koerper-collection\/\" class=\"elementor-item\">K\u00f6rper Collection<\/a><\/li>\n<li class=\"menu-item menu-item-type-post_type menu-item-object-page menu-item-10984\"><a href=\"https:\/\/pb.seasidemenu.com\/de\/spa-ghr\/massagen\/\" class=\"elementor-item\">Massagen<\/a><\/li>\n<li class=\"menu-item menu-item-type-post_type menu-item-object-page menu-item-10985\"><a href=\"https:\/\/pb.seasidemenu.com\/de\/spa-ghr\/individuelles-training-und-physiotherapie\/\" class=\"elementor-item\">Individuelles Training und Physiotherapie<\/a><\/li>\n<li class=\"menu-item menu-item-type-post_type menu-item-object-page menu-item-10986\"><a href=\"https:\/\/pb.seasidemenu.com\/de\/spa-ghr\/kids-wellness\/\" class=\"elementor-item\">Kids Wellness<\/a><\/li>\n<li class=\"menu-item wpml-ls-slot-48 wpml-ls-item wpml-ls-item-en wpml-ls-menu-item wpml-ls-first-item menu-item-type-wpml_ls_menu_item menu-item-object-wpml_ls_menu_item menu-item-wpml-ls-48-en\"><a href=\"https:\/\/pb.seasidemenu.com\/\" title=\"Wechseln zu English\" aria-label=\"Wechseln zu English\" class=\"elementor-item\"><img decoding=\"async\"\n            class=\"wpml-ls-flag\"\n            src=\"https:\/\/pb.seasidemenu.com\/wp-content\/plugins\/sitepress-multilingual-cms\/res\/flags\/en.png\"\n            alt=\"\"\n            loading=\"lazy\"\n            \n            \n    \/><span class=\"wpml-ls-native\" lang=\"en\">English<\/span><\/a><\/li>\n<li class=\"menu-item wpml-ls-slot-48 wpml-ls-item wpml-ls-item-de wpml-ls-current-language wpml-ls-menu-item menu-item-type-wpml_ls_menu_item menu-item-object-wpml_ls_menu_item menu-item-wpml-ls-48-de\"><a href=\"https:\/\/pb.seasidemenu.com\/de\/\" aria-current=\"page\" class=\"elementor-item\"><img decoding=\"async\"\n            class=\"wpml-ls-flag\"\n            src=\"https:\/\/pb.seasidemenu.com\/wp-content\/plugins\/sitepress-multilingual-cms\/res\/flags\/de.png\"\n            alt=\"\"\n            loading=\"lazy\"\n            \n            \n    \/><span class=\"wpml-ls-native\" lang=\"de\">Deutsch<\/span><\/a><\/li>\n<li class=\"menu-item wpml-ls-slot-48 wpml-ls-item wpml-ls-item-es wpml-ls-menu-item menu-item-type-wpml_ls_menu_item menu-item-object-wpml_ls_menu_item menu-item-wpml-ls-48-es\"><a href=\"https:\/\/pb.seasidemenu.com\/es\/\" title=\"Wechseln zu Espa\u00f1ol\" aria-label=\"Wechseln zu Espa\u00f1ol\" class=\"elementor-item\"><img decoding=\"async\"\n            class=\"wpml-ls-flag\"\n            src=\"https:\/\/pb.seasidemenu.com\/wp-content\/plugins\/sitepress-multilingual-cms\/res\/flags\/es.png\"\n            alt=\"\"\n            loading=\"lazy\"\n            \n            \n    \/><span class=\"wpml-ls-native\" lang=\"es\">Espa\u00f1ol<\/span><\/a><\/li>\n<li class=\"menu-item wpml-ls-slot-48 wpml-ls-item wpml-ls-item-fr wpml-ls-menu-item wpml-ls-last-item menu-item-type-wpml_ls_menu_item menu-item-object-wpml_ls_menu_item menu-item-wpml-ls-48-fr\"><a href=\"https:\/\/pb.seasidemenu.com\/fr\/\" title=\"Wechseln zu Fran\u00e7ais\" aria-label=\"Wechseln zu Fran\u00e7ais\" class=\"elementor-item\"><img decoding=\"async\"\n            class=\"wpml-ls-flag\"\n            src=\"https:\/\/pb.seasidemenu.com\/wp-content\/plugins\/sitepress-multilingual-cms\/res\/flags\/fr.png\"\n            alt=\"\"\n            loading=\"lazy\"\n            \n            \n    \/><span class=\"wpml-ls-native\" lang=\"fr\">Fran\u00e7ais<\/span><\/a><\/li>\n<\/ul>\t\t\t<\/nav>\n\t\t\t\t\t\t<nav class=\"elementor-nav-menu--dropdown elementor-nav-menu__container\" aria-hidden=\"true\">\n\t\t\t\t<ul id=\"menu-2-785cc1d\" class=\"elementor-nav-menu sm-vertical\"><li class=\"menu-item menu-item-type-post_type menu-item-object-page menu-item-10979\"><a href=\"https:\/\/pb.seasidemenu.com\/de\/spa-ghr\/\" class=\"elementor-item\" tabindex=\"-1\">Willkommen<\/a><\/li>\n<li class=\"menu-item menu-item-type-post_type menu-item-object-page menu-item-10980\"><a href=\"https:\/\/pb.seasidemenu.com\/de\/spa-ghr\/sauna-landschaft\/\" class=\"elementor-item\" tabindex=\"-1\">Sauna-Landschaft<\/a><\/li>\n<li class=\"menu-item menu-item-type-post_type menu-item-object-page menu-item-10981\"><a href=\"https:\/\/pb.seasidemenu.com\/de\/spa-ghr\/wellnesskombinationen\/\" class=\"elementor-item\" tabindex=\"-1\">Wellnesskombinationen<\/a><\/li>\n<li class=\"menu-item menu-item-type-post_type menu-item-object-page menu-item-10982\"><a href=\"https:\/\/pb.seasidemenu.com\/de\/spa-ghr\/beauty-collection\/\" class=\"elementor-item\" tabindex=\"-1\">Beauty-Collection<\/a><\/li>\n<li class=\"menu-item menu-item-type-post_type menu-item-object-page menu-item-10983\"><a href=\"https:\/\/pb.seasidemenu.com\/de\/spa-ghr\/koerper-collection\/\" class=\"elementor-item\" tabindex=\"-1\">K\u00f6rper Collection<\/a><\/li>\n<li class=\"menu-item menu-item-type-post_type menu-item-object-page menu-item-10984\"><a href=\"https:\/\/pb.seasidemenu.com\/de\/spa-ghr\/massagen\/\" class=\"elementor-item\" tabindex=\"-1\">Massagen<\/a><\/li>\n<li class=\"menu-item menu-item-type-post_type menu-item-object-page menu-item-10985\"><a href=\"https:\/\/pb.seasidemenu.com\/de\/spa-ghr\/individuelles-training-und-physiotherapie\/\" class=\"elementor-item\" tabindex=\"-1\">Individuelles Training und Physiotherapie<\/a><\/li>\n<li class=\"menu-item menu-item-type-post_type menu-item-object-page menu-item-10986\"><a href=\"https:\/\/pb.seasidemenu.com\/de\/spa-ghr\/kids-wellness\/\" class=\"elementor-item\" tabindex=\"-1\">Kids Wellness<\/a><\/li>\n<li class=\"menu-item wpml-ls-slot-48 wpml-ls-item wpml-ls-item-en wpml-ls-menu-item wpml-ls-first-item menu-item-type-wpml_ls_menu_item menu-item-object-wpml_ls_menu_item menu-item-wpml-ls-48-en\"><a href=\"https:\/\/pb.seasidemenu.com\/\" title=\"Wechseln zu English\" aria-label=\"Wechseln zu English\" class=\"elementor-item\" tabindex=\"-1\"><img decoding=\"async\"\n            class=\"wpml-ls-flag\"\n            src=\"https:\/\/pb.seasidemenu.com\/wp-content\/plugins\/sitepress-multilingual-cms\/res\/flags\/en.png\"\n            alt=\"\"\n            loading=\"lazy\"\n            \n            \n    \/><span class=\"wpml-ls-native\" lang=\"en\">English<\/span><\/a><\/li>\n<li class=\"menu-item wpml-ls-slot-48 wpml-ls-item wpml-ls-item-de wpml-ls-current-language wpml-ls-menu-item menu-item-type-wpml_ls_menu_item menu-item-object-wpml_ls_menu_item menu-item-wpml-ls-48-de\"><a href=\"https:\/\/pb.seasidemenu.com\/de\/\" aria-current=\"page\" class=\"elementor-item\" tabindex=\"-1\"><img decoding=\"async\"\n            class=\"wpml-ls-flag\"\n            src=\"https:\/\/pb.seasidemenu.com\/wp-content\/plugins\/sitepress-multilingual-cms\/res\/flags\/de.png\"\n            alt=\"\"\n            loading=\"lazy\"\n            \n            \n    \/><span class=\"wpml-ls-native\" lang=\"de\">Deutsch<\/span><\/a><\/li>\n<li class=\"menu-item wpml-ls-slot-48 wpml-ls-item wpml-ls-item-es wpml-ls-menu-item menu-item-type-wpml_ls_menu_item menu-item-object-wpml_ls_menu_item menu-item-wpml-ls-48-es\"><a href=\"https:\/\/pb.seasidemenu.com\/es\/\" title=\"Wechseln zu Espa\u00f1ol\" aria-label=\"Wechseln zu Espa\u00f1ol\" class=\"elementor-item\" tabindex=\"-1\"><img decoding=\"async\"\n            class=\"wpml-ls-flag\"\n            src=\"https:\/\/pb.seasidemenu.com\/wp-content\/plugins\/sitepress-multilingual-cms\/res\/flags\/es.png\"\n            alt=\"\"\n            loading=\"lazy\"\n            \n            \n    \/><span class=\"wpml-ls-native\" lang=\"es\">Espa\u00f1ol<\/span><\/a><\/li>\n<li class=\"menu-item wpml-ls-slot-48 wpml-ls-item wpml-ls-item-fr wpml-ls-menu-item wpml-ls-last-item menu-item-type-wpml_ls_menu_item menu-item-object-wpml_ls_menu_item menu-item-wpml-ls-48-fr\"><a href=\"https:\/\/pb.seasidemenu.com\/fr\/\" title=\"Wechseln zu Fran\u00e7ais\" aria-label=\"Wechseln zu Fran\u00e7ais\" class=\"elementor-item\" tabindex=\"-1\"><img decoding=\"async\"\n            class=\"wpml-ls-flag\"\n            src=\"https:\/\/pb.seasidemenu.com\/wp-content\/plugins\/sitepress-multilingual-cms\/res\/flags\/fr.png\"\n            alt=\"\"\n            loading=\"lazy\"\n            \n            \n    \/><span class=\"wpml-ls-native\" lang=\"fr\">Fran\u00e7ais<\/span><\/a><\/li>\n<\/ul>\t\t\t<\/nav>\n\t\t\t\t\t\t<\/div>\n\t\t\t\t<\/div>\n\t\t\t\t\t<\/div>\n\t\t\t\t<\/div>\n\t\t\t\t<\/div>\n\t\t<\/div>\t\t\t\t<\/div>\n\t\t\t<\/div>\n\t\t<\/div>\n\t\t\t\t\t\t<\/div>\n\t\t\t\t<\/div>\n\t\t\t\t\t<\/div>\n\t\t\t\t<\/div>\n\t\t<div class=\"elementor-element elementor-element-9b141fc e-flex e-con-boxed e-con e-parent\" data-id=\"9b141fc\" data-element_type=\"container\" data-e-type=\"container\" data-settings=\"{&quot;jet_parallax_layout_list&quot;:[{&quot;jet_parallax_layout_image&quot;:{&quot;url&quot;:&quot;&quot;,&quot;id&quot;:&quot;&quot;,&quot;size&quot;:&quot;&quot;},&quot;_id&quot;:&quot;2f3c593&quot;,&quot;jet_parallax_layout_image_tablet&quot;:{&quot;url&quot;:&quot;&quot;,&quot;id&quot;:&quot;&quot;,&quot;size&quot;:&quot;&quot;},&quot;jet_parallax_layout_image_mobile&quot;:{&quot;url&quot;:&quot;&quot;,&quot;id&quot;:&quot;&quot;,&quot;size&quot;:&quot;&quot;},&quot;jet_parallax_layout_speed&quot;:{&quot;unit&quot;:&quot;%&quot;,&quot;size&quot;:50,&quot;sizes&quot;:[]},&quot;jet_parallax_layout_type&quot;:&quot;scroll&quot;,&quot;jet_parallax_layout_direction&quot;:&quot;1&quot;,&quot;jet_parallax_layout_fx_direction&quot;:null,&quot;jet_parallax_layout_z_index&quot;:&quot;&quot;,&quot;jet_parallax_layout_bg_x&quot;:50,&quot;jet_parallax_layout_bg_x_tablet&quot;:&quot;&quot;,&quot;jet_parallax_layout_bg_x_mobile&quot;:&quot;&quot;,&quot;jet_parallax_layout_bg_y&quot;:50,&quot;jet_parallax_layout_bg_y_tablet&quot;:&quot;&quot;,&quot;jet_parallax_layout_bg_y_mobile&quot;:&quot;&quot;,&quot;jet_parallax_layout_bg_size&quot;:&quot;auto&quot;,&quot;jet_parallax_layout_bg_size_tablet&quot;:&quot;&quot;,&quot;jet_parallax_layout_bg_size_mobile&quot;:&quot;&quot;,&quot;jet_parallax_layout_animation_prop&quot;:&quot;transform&quot;,&quot;jet_parallax_layout_on&quot;:[&quot;desktop&quot;,&quot;tablet&quot;]}]}\">\n\t\t\t\t\t<div class=\"e-con-inner\">\n\t\t\t\t<div class=\"elementor-element elementor-element-ac18b45 elementor-widget elementor-widget-image\" data-id=\"ac18b45\" data-element_type=\"widget\" data-e-type=\"widget\" data-widget_type=\"image.default\">\n\t\t\t\t<div class=\"elementor-widget-container\">\n\t\t\t\t\t\t\t\t\t\t\t\t\t\t\t<img fetchpriority=\"high\" decoding=\"async\" width=\"600\" height=\"600\" src=\"https:\/\/pb.seasidemenu.com\/wp-content\/uploads\/seaside_spa_kids.jpg\" class=\"attachment-full size-full wp-image-2067\" alt=\"\" srcset=\"https:\/\/pb.seasidemenu.com\/wp-content\/uploads\/seaside_spa_kids.jpg 600w, https:\/\/pb.seasidemenu.com\/wp-content\/uploads\/seaside_spa_kids-300x300.jpg 300w, https:\/\/pb.seasidemenu.com\/wp-content\/uploads\/seaside_spa_kids-150x150.jpg 150w, https:\/\/pb.seasidemenu.com\/wp-content\/uploads\/seaside_spa_kids-230x230.jpg 230w, https:\/\/pb.seasidemenu.com\/wp-content\/uploads\/seaside_spa_kids-400x400.jpg 400w\" sizes=\"(max-width: 600px) 100vw, 600px\" \/>\t\t\t\t\t\t\t\t\t\t\t\t\t\t\t<\/div>\n\t\t\t\t<\/div>\n\t\t<div data-dce-background-color=\"#FFFFFF\" class=\"elementor-element elementor-element-9a446ca e-con-full e-flex e-con e-child\" data-id=\"9a446ca\" data-element_type=\"container\" data-e-type=\"container\" data-settings=\"{&quot;background_background&quot;:&quot;classic&quot;,&quot;jet_parallax_layout_list&quot;:[]}\">\n\t\t\t\t<div data-dce-title-color=\"#333333\" class=\"elementor-element elementor-element-894cff6 elementor-widget elementor-widget-heading\" data-id=\"894cff6\" data-element_type=\"widget\" data-e-type=\"widget\" data-widget_type=\"heading.default\">\n\t\t\t\t<div class=\"elementor-widget-container\">\n\t\t\t\t\t<h2 class=\"elementor-heading-title elementor-size-default\">Kids-wellness<\/h2>\t\t\t\t<\/div>\n\t\t\t\t<\/div>\n\t\t\t\t<div data-dce-text-color=\"#333333\" class=\"elementor-element elementor-element-bfd6ec5 elementor-widget elementor-widget-text-editor\" data-id=\"bfd6ec5\" data-element_type=\"widget\" data-e-type=\"widget\" data-widget_type=\"text-editor.default\">\n\t\t\t\t<div class=\"elementor-widget-container\">\n\t\t\t\t\t\t\t\t\t<p>(4 bis 11 Jahre) Kinder m\u00fcssen w\u00e4hrend der Behandlung von einem Erwachsenen begleitet werden. <\/p>\n\t\t\t\t\t\t\t\t<\/div>\n\t\t\t\t<\/div>\n\t\t\t\t<div class=\"elementor-element elementor-element-2d24115 elementor-widget elementor-widget-eael-price-menu\" data-id=\"2d24115\" data-element_type=\"widget\" data-e-type=\"widget\" data-widget_type=\"eael-price-menu.default\">\n\t\t\t\t<div class=\"elementor-widget-container\">\n\t\t\t\t\t        <div class=\"eael-restaurant-menu eael-restaurant-menu-style-2\">\n            <div class=\"eael-restaurant-menu-items\">\n                                                        <div class=\"eael-restaurant-menu-item-wrap\">\n                                                <div class=\"eael-restaurant-menu-item\">\n                            \n                            <div class=\"eael-restaurant-menu-content\">\n                                <div class=\"eael-restaurant-menu-header\">\n                                                                            <h4 class=\"eael-restaurant-menu-title\">\n                                                                                        <span class=\"eael-restaurant-menu-title-text\">\n                                                BEAUTY BEHANDLUNG F\u00dcR KLEINE \u201ePRINZESSINNEN\u201c                                            <\/span>\n                                                                                    <\/h4>\n                                                                        \n                                                                        \n                                                                     <\/div>\n                                 \n                                 \n                                 <div class=\"eael-restaurant-menu-description\">Feilen der Finger- und Fu\u00dfn\u00e4gel, Hand- und Fu\u00dfmassage mit Feuchtigkeitscreme, Lackieren der N\u00e4gel (auf Wunsch) in frechen Farben (gelb, blau, pink\u2026).<\/div>\n                                                                      <span class=\"eael-restaurant-menu-price\">\n                                                                                                                                   <span class=\"eael-restaurant-menu-price-discount\">\n                                                 25 min. | 39\u20ac                                             <\/span>\n                                         \n                                                                              <\/span>\n                                                             <\/div>\n                        <\/div>\n                                            <\/div>\n                                                        <div class=\"eael-restaurant-menu-item-wrap\">\n                                                <div class=\"eael-restaurant-menu-item\">\n                            \n                            <div class=\"eael-restaurant-menu-content\">\n                                <div class=\"eael-restaurant-menu-header\">\n                                                                            <h4 class=\"eael-restaurant-menu-title\">\n                                                                                        <span class=\"eael-restaurant-menu-title-text\">\n                                                MASSAGE F\u00dcR KLEINE \u201eSUPERSTARS\u201c                                            <\/span>\n                                                                                    <\/h4>\n                                                                        \n                                                                        \n                                                                     <\/div>\n                                 \n                                 \n                                 <div class=\"eael-restaurant-menu-description\">Zum Relaxen oder nach dem Sport, l\u00f6st Verspannungen und macht fit f\u00fcr den Pool.<\/div>\n                                                                      <span class=\"eael-restaurant-menu-price\">\n                                                                                                                                   <span class=\"eael-restaurant-menu-price-discount\">\n                                                 25 min. | 49\u20ac                                             <\/span>\n                                         \n                                                                              <\/span>\n                                                             <\/div>\n                        <\/div>\n                                            <\/div>\n                            <\/div>\n        <\/div>\n        \t\t\t\t<\/div>\n\t\t\t\t<\/div>\n\t\t\t\t<\/div>\n\t\t\t\t\t<\/div>\n\t\t\t\t<\/div>\n\t\t\t\t<\/div>\n\t\t","protected":false},"excerpt":{"rendered":"<p>SPA MENU Edit Template Spa &#038; Wellness Menu Welcome Sauna Area Wellness Combinations Beauty Collection Body Collection Massages Personal Training and Physiotherapy Kids Wellness Welcome Sauna Area Wellness Combinations Beauty Collection Body Collection Massages Personal Training and Physiotherapy Kids Wellness Kids-wellness (4 bis 11 Jahre) Kinder m\u00fcssen w\u00e4hrend der Behandlung von einem Erwachsenen begleitet werden. [&hellip;]<\/p>\n","protected":false},"author":1,"featured_media":0,"parent":10746,"menu_order":7,"comment_status":"closed","ping_status":"closed","template":"elementor_canvas","meta":{"footnotes":""},"class_list":["post-10833","page","type-page","status-publish","hentry"],"_links":{"self":[{"href":"https:\/\/pb.seasidemenu.com\/de\/wp-json\/wp\/v2\/pages\/10833","targetHints":{"allow":["GET"]}}],"collection":[{"href":"https:\/\/pb.seasidemenu.com\/de\/wp-json\/wp\/v2\/pages"}],"about":[{"href":"https:\/\/pb.seasidemenu.com\/de\/wp-json\/wp\/v2\/types\/page"}],"author":[{"embeddable":true,"href":"https:\/\/pb.seasidemenu.com\/de\/wp-json\/wp\/v2\/users\/1"}],"replies":[{"embeddable":true,"href":"https:\/\/pb.seasidemenu.com\/de\/wp-json\/wp\/v2\/comments?post=10833"}],"version-history":[{"count":0,"href":"https:\/\/pb.seasidemenu.com\/de\/wp-json\/wp\/v2\/pages\/10833\/revisions"}],"up":[{"embeddable":true,"href":"https:\/\/pb.seasidemenu.com\/de\/wp-json\/wp\/v2\/pages\/10746"}],"wp:attachment":[{"href":"https:\/\/pb.seasidemenu.com\/de\/wp-json\/wp\/v2\/media?parent=10833"}],"curies":[{"name":"wp","href":"https:\/\/api.w.org\/{rel}","templated":true}]}}